{"id":35,"date":"2019-06-18T20:00:21","date_gmt":"2019-06-18T18:00:21","guid":{"rendered":"http:\/\/dallvillaby.org\/?page_id=35"},"modified":"2019-06-18T20:00:21","modified_gmt":"2019-06-18T18:00:21","slug":"grundejerforening","status":"publish","type":"page","link":"https:\/\/dallvillaby.dk\/index.php\/grundejerforening\/","title":{"rendered":"Dall Villaby Grundejerforening"},"content":{"rendered":"\n<figure class=\"wp-block-image size-large\"><img loading=\"lazy\" decoding=\"async\" width=\"1500\" height=\"707\" src=\"https:\/\/dallvillaby.dk\/wp-content\/uploads\/2021\/01\/cropped-IMG_20190607_162829-1-1-edited.jpg\" alt=\"\" class=\"wp-image-290\" srcset=\"https:\/\/dallvillaby.dk\/wp-content\/uploads\/2021\/01\/cropped-IMG_20190607_162829-1-1-edited.jpg 1500w, https:\/\/dallvillaby.dk\/wp-content\/uploads\/2021\/01\/cropped-IMG_20190607_162829-1-1-edited-300x141.jpg 300w, https:\/\/dallvillaby.dk\/wp-content\/uploads\/2021\/01\/cropped-IMG_20190607_162829-1-1-edited-1024x483.jpg 1024w, https:\/\/dallvillaby.dk\/wp-content\/uploads\/2021\/01\/cropped-IMG_20190607_162829-1-1-edited-768x362.jpg 768w\" sizes=\"auto, (max-width: 1500px) 100vw, 1500px\" \/><\/figure>\n\n\n\n<p>Grundejerforeningens form\u00e5l er at varetage medlemmernes interesser i deres egenskab af grundejere.<\/p>\n\n\n\n<p>Grundejerforeningen varetager medlemmernes nuv\u00e6rende og fremtidige f\u00e6lles interesser af enhver art i forbindelse med de under foreningens omr\u00e5de h\u00f8rende ejendomme.<\/p>\n\n\n\n<p>Bestyrelsen varetager medlemmernes interesser som grundejere, dels indbyrdes, dels overfor tredjepart.<\/p>\n\n\n\n<p>Foreningens bestyrelse skal v\u00e6re berettiget til at udf\u00e6rdige et ordensreglement. Ordensreglementet, der skal vedtages af en generalforsamling med 2\/3 flertal, tr\u00e6der i kraft fra det tidspunkt, det er udsendt til medlemmerne.<\/p>\n\n\n\n<p>Bestyrelsen f\u00f8rer tilsyn med de lokale legepladser.<\/p>\n\n\n\n<p>Enhver, der er ejer af ejendom beliggende i Dall Villaby, har ret og pligt til at lade sig optage som medlem af grundejerforeningen.<\/p>\n\n\n\n<p>Grundejere, der er tilsluttet Dall Villaby Vandv\u00e6rk A.M.B.A., har pligt til medlemskab af grundejerforeningen.<\/p>\n\n\n\n<div class=\"wp-block-file\"><a href=\"https:\/\/dallvillaby.dk\/wp-content\/uploads\/2021\/01\/vedt_grund.pdf\" target=\"_blank\" rel=\"noreferrer noopener\"><strong>Vedt\u00e6gter:<\/strong> Dall Villaby Grundejerforening<\/a><\/div>\n\n\n\n<div class=\"wp-block-file\"><a href=\"https:\/\/dallvillaby.dk\/wp-content\/uploads\/2021\/03\/dall-villaby-grundejer-2020.pdf\" target=\"_blank\" rel=\"noreferrer noopener\"><strong>\u00c5rsregnskab:<\/strong> Dall Villaby Grundejerforening 2020<\/a><\/div>\n","protected":false},"excerpt":{"rendered":"<p>Grundejerforeningens form\u00e5l er at varetage medlemmernes interesser i deres egenskab af grundejere. Grundejerforeningen varetager medlemmernes nuv\u00e6rende og fremtidige f\u00e6lles interesser af enhver art i forbindelse med de under foreningens omr\u00e5de h\u00f8rende ejendomme. Bestyrelsen varetager medlemmernes interesser som grundejere, dels indbyrdes, dels overfor tredjepart. Foreningens bestyrelse skal v\u00e6re berettiget til at&#8230; <a href=\"https:\/\/dallvillaby.dk\/index.php\/grundejerforening\/\" class=\"readmore\">Read more<span class=\"screen-reader-text\">&#8220;Dall Villaby Grundejerforening&#8221;<\/span><\/a><\/p>\n","protected":false},"author":1,"featured_media":0,"parent":0,"menu_order":1,"comment_status":"closed","ping_status":"closed","template":"templates\/page-full-width.php","meta":{"footnotes":""},"class_list":["post-35","page","type-page","status-publish","hentry"],"_links":{"self":[{"href":"https:\/\/dallvillaby.dk\/index.php\/wp-json\/wp\/v2\/pages\/35","targetHints":{"allow":["GET"]}}],"collection":[{"href":"https:\/\/dallvillaby.dk\/index.php\/wp-json\/wp\/v2\/pages"}],"about":[{"href":"https:\/\/dallvillaby.dk\/index.php\/wp-json\/wp\/v2\/types\/page"}],"author":[{"embeddable":true,"href":"https:\/\/dallvillaby.dk\/index.php\/wp-json\/wp\/v2\/users\/1"}],"replies":[{"embeddable":true,"href":"https:\/\/dallvillaby.dk\/index.php\/wp-json\/wp\/v2\/comments?post=35"}],"version-history":[{"count":0,"href":"https:\/\/dallvillaby.dk\/index.php\/wp-json\/wp\/v2\/pages\/35\/revisions"}],"wp:attachment":[{"href":"https:\/\/dallvillaby.dk\/index.php\/wp-json\/wp\/v2\/media?parent=35"}],"curies":[{"name":"wp","href":"https:\/\/api.w.org\/{rel}","templated":true}]}}